{"id":14,"date":"2023-07-22T04:49:31","date_gmt":"2023-07-22T04:49:31","guid":{"rendered":"https:\/\/sdcmetalmecanica.com\/?page_id=14"},"modified":"2023-07-22T07:03:41","modified_gmt":"2023-07-22T07:03:41","slug":"sobre-nosotros","status":"publish","type":"page","link":"https:\/\/sdcmetalmecanica.com\/index.php\/sobre-nosotros\/","title":{"rendered":"SOBRE NOSOTROS"},"content":{"rendered":"\t\t<div data-elementor-type=\"wp-page\" data-elementor-id=\"14\" class=\"elementor elementor-14\" data-elementor-post-type=\"page\">\n\t\t\t\t\t\t\t\t\t<section class=\"elementor-section elementor-top-section elementor-element elementor-element-40fc71f elementor-section-boxed elementor-section-height-default elementor-section-height-default\" data-id=\"40fc71f\" data-element_type=\"section\" data-settings=\"{&quot;background_background&quot;:&quot;gradient&quot;}\">\n\t\t\t\t\t\t<div class=\"elementor-container elementor-column-gap-default\">\n\t\t\t\t\t<div class=\"elementor-column elementor-col-100 elementor-top-column elementor-element elementor-element-6ec6a12\" data-id=\"6ec6a12\" data-element_type=\"column\">\n\t\t\t<div class=\"elementor-widget-wrap elementor-element-populated\">\n\t\t\t\t\t\t\t\t<div class=\"elementor-element elementor-element-f89ce7e elementor-widget elementor-widget-spacer\" data-id=\"f89ce7e\" data-element_type=\"widget\" data-widget_type=\"spacer.default\">\n\t\t\t\t<div class=\"elementor-widget-container\">\n\t\t\t<style>\/*! elementor - v3.14.0 - 26-06-2023 *\/\n.elementor-column .elementor-spacer-inner{height:var(--spacer-size)}.e-con{--container-widget-width:100%}.e-con-inner>.elementor-widget-spacer,.e-con>.elementor-widget-spacer{width:var(--container-widget-width,var(--spacer-size));--align-self:var(--container-widget-align-self,initial);--flex-shrink:0}.e-con-inner>.elementor-widget-spacer>.elementor-widget-container,.e-con-inner>.elementor-widget-spacer>.elementor-widget-container>.elementor-spacer,.e-con>.elementor-widget-spacer>.elementor-widget-container,.e-con>.elementor-widget-spacer>.elementor-widget-container>.elementor-spacer{height:100%}.e-con-inner>.elementor-widget-spacer>.elementor-widget-container>.elementor-spacer>.elementor-spacer-inner,.e-con>.elementor-widget-spacer>.elementor-widget-container>.elementor-spacer>.elementor-spacer-inner{height:var(--container-widget-height,var(--spacer-size))}<\/style>\t\t<div class=\"elementor-spacer\">\n\t\t\t<div class=\"elementor-spacer-inner\"><\/div>\n\t\t<\/div>\n\t\t\t\t<\/div>\n\t\t\t\t<\/div>\n\t\t\t\t\t<\/div>\n\t\t<\/div>\n\t\t\t\t\t\t\t<\/div>\n\t\t<\/section>\n\t\t\t\t<section class=\"elementor-section elementor-top-section elementor-element elementor-element-76e05ce elementor-section-boxed elementor-section-height-default elementor-section-height-default\" data-id=\"76e05ce\" data-element_type=\"section\">\n\t\t\t\t\t\t<div class=\"elementor-container elementor-column-gap-default\">\n\t\t\t\t\t<div class=\"elementor-column elementor-col-100 elementor-top-column elementor-element elementor-element-02b3139\" data-id=\"02b3139\" data-element_type=\"column\">\n\t\t\t<div class=\"elementor-widget-wrap elementor-element-populated\">\n\t\t\t\t\t\t\t\t<section class=\"elementor-section elementor-inner-section elementor-element elementor-element-0f0cd83 elementor-section-boxed elementor-section-height-default elementor-section-height-default\" data-id=\"0f0cd83\" data-element_type=\"section\">\n\t\t\t\t\t\t<div class=\"elementor-container elementor-column-gap-default\">\n\t\t\t\t\t<div class=\"elementor-column elementor-col-50 elementor-inner-column elementor-element elementor-element-6b1e46e\" data-id=\"6b1e46e\" data-element_type=\"column\">\n\t\t\t<div class=\"elementor-widget-wrap elementor-element-populated\">\n\t\t\t\t\t\t\t\t<div class=\"elementor-element elementor-element-5dcc859 elementor-widget__width-initial elementor-widget elementor-widget-text-editor\" data-id=\"5dcc859\" data-element_type=\"widget\" data-widget_type=\"text-editor.default\">\n\t\t\t\t<div class=\"elementor-widget-container\">\n\t\t\t<style>\/*! elementor - v3.14.0 - 26-06-2023 *\/\n.elementor-widget-text-editor.elementor-drop-cap-view-stacked .elementor-drop-cap{background-color:#69727d;color:#fff}.elementor-widget-text-editor.elementor-drop-cap-view-framed .elementor-drop-cap{color:#69727d;border:3px solid;background-color:transparent}.elementor-widget-text-editor:not(.elementor-drop-cap-view-default) .elementor-drop-cap{margin-top:8px}.elementor-widget-text-editor:not(.elementor-drop-cap-view-default) .elementor-drop-cap-letter{width:1em;height:1em}.elementor-widget-text-editor .elementor-drop-cap{float:left;text-align:center;line-height:1;font-size:50px}.elementor-widget-text-editor .elementor-drop-cap-letter{display:inline-block}<\/style>\t\t\t\t<div class=\"wb_cont_inner\"><div id=\"wb_element_instance371\" class=\"wb_element wb_text_element\"><h5 class=\"wb-stl-custom1\"><span style=\"color: #993300;\">1.Mejora de la precision<\/span><\/h5><\/div><\/div><div class=\"wb_cont_outer\"><p class=\"wb-stl-custom-29\"><span style=\"color: #993300;\">Puesto que las m\u00e1quinas CNC funcionan a partir de programas de ordenador, ofrecen mayor precisi\u00f3n en comparaci\u00f3n con las m\u00e1quinas mec\u00e1nicas operadas manualmente.<\/span><\/p><p class=\"wb-stl-custom-29\"><span style=\"color: #993300;\">M\u00e1s a\u00fan, como las m\u00e1quinas est\u00e1n controladas por software y programas de ordenador integrado, los procesos se terminan antes y disminuye el n\u00famero de errores, lo que resulta en una mejora global de la productividad.<\/span><\/p><p class=\"wb-stl-custom-29\"><span style=\"color: #993300;\">Las operaciones en las m\u00e1quinas CNC se ejecutan a trav\u00e9s de programas, por lo que los trabajadores no est\u00e1n en contacto directo ni expuestos a las herramientas de corte.<\/span><\/p><p class=\"wb-stl-custom-29\"><span style=\"color: #993300;\">Esto significa que los trabajadores est\u00e1n exentos de peligro y seguros en sus espacios de trabajo.<\/span><\/p><div id=\"wb_element_instance369\" class=\"wb_element wb_text_element\"><h5 class=\"wb-stl-custom1\"><span style=\"color: #993300;\">2. Alta precisi\u00f3n del proceso<\/span><\/h5><\/div><div id=\"wb_element_instance370\" class=\"wb_element wb_text_element\"><div id=\"wb_element_instance368\" class=\"wb_element wb_text_element\"><p class=\"wb-stl-custom-29\"><span style=\"color: #993300;\">El software CNC integra CAD (Computer Aided Design) y las operaciones CAM (Computer Aided Manufacturing), capaces de realizar el mismo proceso cientos o miles de veces con el mismo nivel de perfecci\u00f3n.<\/span><\/p><\/div><div id=\"wb_element_instance369\" class=\"wb_element wb_text_element\"><div id=\"wb_element_instance339\" class=\"wb_element wb_text_element\"><h5 class=\"wb-stl-custom1\"><span style=\"color: #993300;\">3. Reducci\u00f3n de residuos<\/span><\/h5><\/div><div id=\"wb_element_instance340\" class=\"wb_element wb_text_element\"><p class=\"wb-stl-custom-29\"><span style=\"color: #993300;\">La maquinaria CNC ayuda a reducir los desperdicio de metal, ya que est\u00e1n dise\u00f1adas con sistemas de gesti\u00f3n de las virutas resultantes de procesos de mecanizado o corte,\u00a0que se acumula en los talleres sin tener un uso en particular.<\/span><\/p><p class=\"wb-stl-custom-29\"><span style=\"color: #993300;\">La retirada autom\u00e1tica de virutas que incorporan produce espacios de trabajo m\u00e1s limpios.<\/span><\/p><p class=\"wb-stl-custom-29\"><span style=\"color: #993300;\">Por ello, estos sistemas proporcionan una soluci\u00f3n \u00f3ptima para el trabajo con metales en diferentes formas. Mejoran la gesti\u00f3n de los cortes para tener el mayor aprovechamiento, y adem\u00e1s pueden separar los diferentes tipos de virutas, de modo que se facilita su reutilizaci\u00f3n y reciclado.<\/span><\/p><div id=\"wb_element_instance342\" class=\"wb_element wb_text_element\"><h5 class=\"wb-stl-custom1\"><span style=\"color: #993300;\">4. Reducci\u00f3n de la implicaci\u00f3n del trabajador<\/span><\/h5><div id=\"wb_element_instance343\" class=\"wb_element wb_text_element\"><p class=\"wb-stl-custom-29\"><span style=\"color: #993300;\">Con la incorporaci\u00f3n de m\u00e1quinas CNC, las empresas pueden realizar las operaciones m\u00e1s complejas en pocos minutos sin la intervenci\u00f3n de un operador de m\u00e1quina o un ingeniero.<\/span><\/p><p class=\"wb-stl-custom-29\"><span style=\"color: #993300;\">Este hecho reduce considerablemente los costes de incorporaci\u00f3n y formaci\u00f3n de operadores de m\u00e1quinas, y tambi\u00e9n reduce los errores humanos y accidentes que ocurren en los procesos tradicionales.<\/span><\/p><p class=\"wb-stl-custom-29\"><span style=\"color: #993300;\">De hecho, una sola persona\u00a0puede supervisar varias m\u00e1quinas CNC, ya que \u00a0una vez ha sido programada se la puede dejar trabajar de forma aut\u00f3noma como norma general. A veces solo es necesario reemplazar ocasionalmente las herramientas de corte.<\/span><\/p><\/div><div id=\"wb_element_instance344\" class=\"wb_element wb_text_element\"><div id=\"wb_element_instance344\" class=\"wb_element wb_text_element\"><h5 class=\"wb-stl-custom1\"><span style=\"color: #993300;\">5. Ejecuci\u00f3n de procesos complejos<\/span><\/h5><\/div><div id=\"wb_element_instance345\" class=\"wb_element wb_text_element\"><p class=\"wb-stl-custom-32\"><span style=\"color: #993300;\">La\u00a0<a style=\"color: #993300;\" href=\"http:\/\/www.kuzudecoletaje.es\/instalaciones\/maquinaria\/\" target=\"_blank\" rel=\"noopener\">maquinaria CNC<\/a>\u00a0pueden ejecutar procesos complejos que requerir\u00edan grandes esfuerzos y tiempo en el caso de hacerse a mano. Todo lo que uno tiene que hacer es configurar la m\u00e1quina e integrar los programas.<\/span><\/p><p class=\"wb-stl-custom-32\"><span style=\"color: #993300;\">Los operadores solamente son necesarios para\u00a0supervisar\u00a0la m\u00e1quina y los procesos y, por lo tanto, se puede ejecutar el proceso sin interrupciones o fallos<\/span><\/p><\/div><\/div><\/div><\/div><\/div><\/div><\/div>\t\t\t\t\t\t<\/div>\n\t\t\t\t<\/div>\n\t\t\t\t\t<\/div>\n\t\t<\/div>\n\t\t\t\t<div class=\"elementor-column elementor-col-50 elementor-inner-column elementor-element elementor-element-4b6f4fd\" data-id=\"4b6f4fd\" data-element_type=\"column\">\n\t\t\t<div class=\"elementor-widget-wrap elementor-element-populated\">\n\t\t\t\t\t\t\t\t<div class=\"elementor-element elementor-element-517aebd elementor-widget elementor-widget-image\" data-id=\"517aebd\" data-element_type=\"widget\" data-widget_type=\"image.default\">\n\t\t\t\t<div class=\"elementor-widget-container\">\n\t\t\t<style>\/*! elementor - v3.14.0 - 26-06-2023 *\/\n.elementor-widget-image{text-align:center}.elementor-widget-image a{display:inline-block}.elementor-widget-image a img[src$=\".svg\"]{width:48px}.elementor-widget-image img{vertical-align:middle;display:inline-block}<\/style>\t\t\t\t\t\t\t\t\t<figure class=\"wp-caption\">\n\t\t\t\t\t\t\t\t\t\t<img loading=\"lazy\" decoding=\"async\" width=\"150\" height=\"142\" src=\"https:\/\/sdcmetalmecanica.com\/wp-content\/uploads\/2023\/07\/e179ec_cd7b496caf164263a45380c97ace7b5cmv2-150x142.webp\" class=\"attachment-thumbnail size-thumbnail wp-image-163\" alt=\"\" \/>\t\t\t\t\t\t\t\t\t\t\t<figcaption class=\"widget-image-caption wp-caption-text\">CALIDAD EN MEDIDAS<\/figcaption>\n\t\t\t\t\t\t\t\t\t\t<\/figure>\n\t\t\t\t\t\t\t\t\t<\/div>\n\t\t\t\t<\/div>\n\t\t\t\t<div class=\"elementor-element elementor-element-e13319b elementor-widget elementor-widget-image\" data-id=\"e13319b\" data-element_type=\"widget\" data-widget_type=\"image.default\">\n\t\t\t\t<div class=\"elementor-widget-container\">\n\t\t\t\t\t\t\t\t\t\t\t\t<figure class=\"wp-caption\">\n\t\t\t\t\t\t\t\t\t\t<img loading=\"lazy\" decoding=\"async\" width=\"150\" height=\"149\" src=\"https:\/\/sdcmetalmecanica.com\/wp-content\/uploads\/2023\/07\/d30aea4b6a12cb803dd1e687835a85f4_321x149-150x149.jpg\" class=\"attachment-thumbnail size-thumbnail wp-image-161\" alt=\"\" \/>\t\t\t\t\t\t\t\t\t\t\t<figcaption class=\"widget-image-caption wp-caption-text\">TROQUELADOS<\/figcaption>\n\t\t\t\t\t\t\t\t\t\t<\/figure>\n\t\t\t\t\t\t\t\t\t<\/div>\n\t\t\t\t<\/div>\n\t\t\t\t<div class=\"elementor-element elementor-element-d859afb elementor-widget elementor-widget-image\" data-id=\"d859afb\" data-element_type=\"widget\" data-widget_type=\"image.default\">\n\t\t\t\t<div class=\"elementor-widget-container\">\n\t\t\t\t\t\t\t\t\t\t\t\t<figure class=\"wp-caption\">\n\t\t\t\t\t\t\t\t\t\t<img loading=\"lazy\" decoding=\"async\" width=\"150\" height=\"143\" src=\"https:\/\/sdcmetalmecanica.com\/wp-content\/uploads\/2023\/07\/8b0929080e9430300e69e50cf556c4a9_320x143-150x143.jpeg\" class=\"attachment-thumbnail size-thumbnail wp-image-159\" alt=\"\" \/>\t\t\t\t\t\t\t\t\t\t\t<figcaption class=\"widget-image-caption wp-caption-text\">PI\u00d1ONES A LA MEDIDA<\/figcaption>\n\t\t\t\t\t\t\t\t\t\t<\/figure>\n\t\t\t\t\t\t\t\t\t<\/div>\n\t\t\t\t<\/div>\n\t\t\t\t<div class=\"elementor-element elementor-element-c22c827 elementor-widget elementor-widget-image\" data-id=\"c22c827\" data-element_type=\"widget\" data-widget_type=\"image.default\">\n\t\t\t\t<div class=\"elementor-widget-container\">\n\t\t\t\t\t\t\t\t\t\t\t\t<figure class=\"wp-caption\">\n\t\t\t\t\t\t\t\t\t\t<img loading=\"lazy\" decoding=\"async\" width=\"150\" height=\"142\" src=\"https:\/\/sdcmetalmecanica.com\/wp-content\/uploads\/2023\/07\/e179ec_b9af028c715b4c0baee4f726c791ecfbmv2_d_3264_2448_s_4_2-150x142.webp\" class=\"attachment-thumbnail size-thumbnail wp-image-162\" alt=\"\" \/>\t\t\t\t\t\t\t\t\t\t\t<figcaption class=\"widget-image-caption wp-caption-text\">HERRAMIENTAS PARA TORNO<\/figcaption>\n\t\t\t\t\t\t\t\t\t\t<\/figure>\n\t\t\t\t\t\t\t\t\t<\/div>\n\t\t\t\t<\/div>\n\t\t\t\t<div class=\"elementor-element elementor-element-fbf3e3c elementor-widget elementor-widget-image\" data-id=\"fbf3e3c\" data-element_type=\"widget\" data-widget_type=\"image.default\">\n\t\t\t\t<div class=\"elementor-widget-container\">\n\t\t\t\t\t\t\t\t\t\t\t\t<figure class=\"wp-caption\">\n\t\t\t\t\t\t\t\t\t\t<img loading=\"lazy\" decoding=\"async\" width=\"150\" height=\"150\" src=\"https:\/\/sdcmetalmecanica.com\/wp-content\/uploads\/2023\/07\/7a4733f4bf470a9d271dfac4d2d1bc81_342x150-150x150.jpeg\" class=\"attachment-thumbnail size-thumbnail wp-image-158\" alt=\"\" srcset=\"https:\/\/sdcmetalmecanica.com\/wp-content\/uploads\/2023\/07\/7a4733f4bf470a9d271dfac4d2d1bc81_342x150-150x150.jpeg 150w, https:\/\/sdcmetalmecanica.com\/wp-content\/uploads\/2023\/07\/elementor\/thumbs\/7a4733f4bf470a9d271dfac4d2d1bc81_342x150-q9rz0rrr5ox9nkzktszrqls9y3atyskieqir7lyw64.jpeg 250w\" sizes=\"auto, (max-width: 150px) 100vw, 150px\" \/>\t\t\t\t\t\t\t\t\t\t\t<figcaption class=\"widget-image-caption wp-caption-text\">MECANIZADOS PARA TORNO<\/figcaption>\n\t\t\t\t\t\t\t\t\t\t<\/figure>\n\t\t\t\t\t\t\t\t\t<\/div>\n\t\t\t\t<\/div>\n\t\t\t\t<div class=\"elementor-element elementor-element-4e0fb8e elementor-widget elementor-widget-image\" data-id=\"4e0fb8e\" data-element_type=\"widget\" data-widget_type=\"image.default\">\n\t\t\t\t<div class=\"elementor-widget-container\">\n\t\t\t\t\t\t\t\t\t\t\t\t<figure class=\"wp-caption\">\n\t\t\t\t\t\t\t\t\t\t<img loading=\"lazy\" decoding=\"async\" width=\"150\" height=\"150\" src=\"https:\/\/sdcmetalmecanica.com\/wp-content\/uploads\/2023\/07\/60f5adb81d836f1085175c092db2d470_357.6x159-150x150.jpg\" class=\"attachment-thumbnail size-thumbnail wp-image-160\" alt=\"\" srcset=\"https:\/\/sdcmetalmecanica.com\/wp-content\/uploads\/2023\/07\/60f5adb81d836f1085175c092db2d470_357.6x159-150x150.jpg 150w, https:\/\/sdcmetalmecanica.com\/wp-content\/uploads\/2023\/07\/elementor\/thumbs\/60f5adb81d836f1085175c092db2d470_357.6x159-q9rz0rrr5ox9nkzktszrqls9y3atyskieqir7lyw8m.jpg 250w\" sizes=\"auto, (max-width: 150px) 100vw, 150px\" \/>\t\t\t\t\t\t\t\t\t\t\t<figcaption class=\"widget-image-caption wp-caption-text\">DISE\u00d1O EN CNC DE PIEZAS<\/figcaption>\n\t\t\t\t\t\t\t\t\t\t<\/figure>\n\t\t\t\t\t\t\t\t\t<\/div>\n\t\t\t\t<\/div>\n\t\t\t\t<div class=\"elementor-element elementor-element-4665d1f elementor-widget elementor-widget-image\" data-id=\"4665d1f\" data-element_type=\"widget\" data-widget_type=\"image.default\">\n\t\t\t\t<div class=\"elementor-widget-container\">\n\t\t\t\t\t\t\t\t\t\t\t\t<figure class=\"wp-caption\">\n\t\t\t\t\t\t\t\t\t\t<img loading=\"lazy\" decoding=\"async\" width=\"150\" height=\"150\" src=\"https:\/\/sdcmetalmecanica.com\/wp-content\/uploads\/2023\/07\/3d090be61a0c5e4501c8a1e12ecbba41_357.6x159-150x150.jpg\" class=\"attachment-thumbnail size-thumbnail wp-image-157\" alt=\"\" srcset=\"https:\/\/sdcmetalmecanica.com\/wp-content\/uploads\/2023\/07\/3d090be61a0c5e4501c8a1e12ecbba41_357.6x159-150x150.jpg 150w, https:\/\/sdcmetalmecanica.com\/wp-content\/uploads\/2023\/07\/elementor\/thumbs\/3d090be61a0c5e4501c8a1e12ecbba41_357.6x159-q9rz0qtwyuvzbz0xzal5640tcpfgr3gs2lv9qc0aeu.jpg 250w\" sizes=\"auto, (max-width: 150px) 100vw, 150px\" \/>\t\t\t\t\t\t\t\t\t\t\t<figcaption class=\"widget-image-caption wp-caption-text\">DISE\u00d1O EN SOLID CAM<\/figcaption>\n\t\t\t\t\t\t\t\t\t\t<\/figure>\n\t\t\t\t\t\t\t\t\t<\/div>\n\t\t\t\t<\/div>\n\t\t\t\t\t<\/div>\n\t\t<\/div>\n\t\t\t\t\t\t\t<\/div>\n\t\t<\/section>\n\t\t\t\t\t<\/div>\n\t\t<\/div>\n\t\t\t\t\t\t\t<\/div>\n\t\t<\/section>\n\t\t\t\t<section class=\"elementor-section elementor-top-section elementor-element elementor-element-08e9cfd elementor-section-boxed elementor-section-height-default elementor-section-height-default\" data-id=\"08e9cfd\" data-element_type=\"section\">\n\t\t\t\t\t\t<div class=\"elementor-container elementor-column-gap-default\">\n\t\t\t\t\t<div class=\"elementor-column elementor-col-50 elementor-top-column elementor-element elementor-element-e1246af\" data-id=\"e1246af\" data-element_type=\"column\">\n\t\t\t<div class=\"elementor-widget-wrap elementor-element-populated\">\n\t\t\t\t\t\t\t\t<div class=\"elementor-element elementor-element-e5bdd92 elementor-widget__width-initial elementor-widget elementor-widget-image\" data-id=\"e5bdd92\" data-element_type=\"widget\" data-widget_type=\"image.default\">\n\t\t\t\t<div class=\"elementor-widget-container\">\n\t\t\t\t\t\t\t\t\t\t\t\t\t\t\t<img loading=\"lazy\" decoding=\"async\" width=\"179\" height=\"272\" src=\"https:\/\/sdcmetalmecanica.com\/wp-content\/uploads\/2023\/07\/e179ec_e2b6d1d41863404585c4096130dc2848mv2.webp\" class=\"attachment-full size-full wp-image-164\" alt=\"\" \/>\t\t\t\t\t\t\t\t\t\t\t\t\t\t\t<\/div>\n\t\t\t\t<\/div>\n\t\t\t\t\t<\/div>\n\t\t<\/div>\n\t\t\t\t<div class=\"elementor-column elementor-col-50 elementor-top-column elementor-element elementor-element-e5db546\" data-id=\"e5db546\" data-element_type=\"column\">\n\t\t\t<div class=\"elementor-widget-wrap elementor-element-populated\">\n\t\t\t\t\t\t\t\t<div class=\"elementor-element elementor-element-dc27f33 elementor-widget__width-initial elementor-widget elementor-widget-text-editor\" data-id=\"dc27f33\" data-element_type=\"widget\" data-widget_type=\"text-editor.default\">\n\t\t\t\t<div class=\"elementor-widget-container\">\n\t\t\t\t\t\t\t<p class=\"wb-stl-custom-33\">With the incorporation of CNC machines, companies can perform the most complex operations in a few minutes without the intervention of a machine operator or an engineer.<\/p><p class=\"wb-stl-custom-33\">This fact considerably reduces the costs of incorporation and training of machine operators, and also reduces the human errors and accidents that occur in traditional processes.<\/p><p class=\"wb-stl-custom-33\">In fact, a single person can supervise several CNC machines, since once it has been programmed it can be left to work autonomously as a general rule. Sometimes it is only necessary to replace the cutting tools occasionally.<\/p>\t\t\t\t\t\t<\/div>\n\t\t\t\t<\/div>\n\t\t\t\t\t<\/div>\n\t\t<\/div>\n\t\t\t\t\t\t\t<\/div>\n\t\t<\/section>\n\t\t\t\t\t\t\t<\/div>\n\t\t","protected":false},"excerpt":{"rendered":"<p>1.Mejora de la precision Puesto que las m\u00e1quinas CNC funcionan a partir de programas de ordenador, ofrecen mayor precisi\u00f3n en comparaci\u00f3n con las m\u00e1quinas mec\u00e1nicas operadas manualmente. M\u00e1s a\u00fan, como las m\u00e1quinas est\u00e1n controladas por software y programas de ordenador integrado, los procesos se terminan antes y disminuye el n\u00famero de errores, lo que resulta &hellip;<\/p>\n<p class=\"read-more\"> <a class=\"\" href=\"https:\/\/sdcmetalmecanica.com\/index.php\/sobre-nosotros\/\"> <span class=\"screen-reader-text\">SOBRE NOSOTROS<\/span> Read More &raquo;<\/a><\/p>\n","protected":false},"author":1,"featured_media":0,"parent":0,"menu_order":0,"comment_status":"closed","ping_status":"closed","template":"","meta":{"site-sidebar-layout":"no-sidebar","site-content-layout":"page-builder","ast-global-header-display":"","ast-banner-title-visibility":"","ast-main-header-display":"","ast-hfb-above-header-display":"","ast-hfb-below-header-display":"","ast-hfb-mobile-header-display":"","site-post-title":"disabled","ast-breadcrumbs-content":"","ast-featured-img":"disabled","footer-sml-layout":"","theme-transparent-header-meta":"","adv-header-id-meta":"","stick-header-meta":"","header-above-stick-meta":"","header-main-stick-meta":"","header-below-stick-meta":"","footnotes":""},"class_list":["post-14","page","type-page","status-publish","hentry"],"_links":{"self":[{"href":"https:\/\/sdcmetalmecanica.com\/index.php\/wp-json\/wp\/v2\/pages\/14","targetHints":{"allow":["GET"]}}],"collection":[{"href":"https:\/\/sdcmetalmecanica.com\/index.php\/wp-json\/wp\/v2\/pages"}],"about":[{"href":"https:\/\/sdcmetalmecanica.com\/index.php\/wp-json\/wp\/v2\/types\/page"}],"author":[{"embeddable":true,"href":"https:\/\/sdcmetalmecanica.com\/index.php\/wp-json\/wp\/v2\/users\/1"}],"replies":[{"embeddable":true,"href":"https:\/\/sdcmetalmecanica.com\/index.php\/wp-json\/wp\/v2\/comments?post=14"}],"version-history":[{"count":25,"href":"https:\/\/sdcmetalmecanica.com\/index.php\/wp-json\/wp\/v2\/pages\/14\/revisions"}],"predecessor-version":[{"id":189,"href":"https:\/\/sdcmetalmecanica.com\/index.php\/wp-json\/wp\/v2\/pages\/14\/revisions\/189"}],"wp:attachment":[{"href":"https:\/\/sdcmetalmecanica.com\/index.php\/wp-json\/wp\/v2\/media?parent=14"}],"curies":[{"name":"wp","href":"https:\/\/api.w.org\/{rel}","templated":true}]}}