{"id":20,"date":"2023-07-22T04:50:35","date_gmt":"2023-07-22T04:50:35","guid":{"rendered":"https:\/\/sdcmetalmecanica.com\/?page_id=20"},"modified":"2023-07-22T07:30:10","modified_gmt":"2023-07-22T07:30:10","slug":"clientes","status":"publish","type":"page","link":"https:\/\/sdcmetalmecanica.com\/index.php\/clientes\/","title":{"rendered":"CLIENTES"},"content":{"rendered":"\t\t<div data-elementor-type=\"wp-page\" data-elementor-id=\"20\" class=\"elementor elementor-20\" data-elementor-post-type=\"page\">\n\t\t\t\t\t\t\t\t\t<section class=\"elementor-section elementor-top-section elementor-element elementor-element-329f009 elementor-section-boxed elementor-section-height-default elementor-section-height-default\" data-id=\"329f009\" data-element_type=\"section\" data-settings=\"{&quot;background_background&quot;:&quot;gradient&quot;}\">\n\t\t\t\t\t\t<div class=\"elementor-container elementor-column-gap-default\">\n\t\t\t\t\t<div class=\"elementor-column elementor-col-100 elementor-top-column elementor-element elementor-element-a3a6844\" data-id=\"a3a6844\" data-element_type=\"column\">\n\t\t\t<div class=\"elementor-widget-wrap elementor-element-populated\">\n\t\t\t\t\t\t\t\t<div class=\"elementor-element elementor-element-f609740 elementor-widget elementor-widget-spacer\" data-id=\"f609740\" data-element_type=\"widget\" data-widget_type=\"spacer.default\">\n\t\t\t\t<div class=\"elementor-widget-container\">\n\t\t\t<style>\/*! elementor - v3.14.0 - 26-06-2023 *\/\n.elementor-column .elementor-spacer-inner{height:var(--spacer-size)}.e-con{--container-widget-width:100%}.e-con-inner>.elementor-widget-spacer,.e-con>.elementor-widget-spacer{width:var(--container-widget-width,var(--spacer-size));--align-self:var(--container-widget-align-self,initial);--flex-shrink:0}.e-con-inner>.elementor-widget-spacer>.elementor-widget-container,.e-con-inner>.elementor-widget-spacer>.elementor-widget-container>.elementor-spacer,.e-con>.elementor-widget-spacer>.elementor-widget-container,.e-con>.elementor-widget-spacer>.elementor-widget-container>.elementor-spacer{height:100%}.e-con-inner>.elementor-widget-spacer>.elementor-widget-container>.elementor-spacer>.elementor-spacer-inner,.e-con>.elementor-widget-spacer>.elementor-widget-container>.elementor-spacer>.elementor-spacer-inner{height:var(--container-widget-height,var(--spacer-size))}<\/style>\t\t<div class=\"elementor-spacer\">\n\t\t\t<div class=\"elementor-spacer-inner\"><\/div>\n\t\t<\/div>\n\t\t\t\t<\/div>\n\t\t\t\t<\/div>\n\t\t\t\t\t<\/div>\n\t\t<\/div>\n\t\t\t\t\t\t\t<\/div>\n\t\t<\/section>\n\t\t\t\t<section class=\"elementor-section elementor-top-section elementor-element elementor-element-b0f2ecb elementor-section-boxed elementor-section-height-default elementor-section-height-default\" data-id=\"b0f2ecb\" data-element_type=\"section\">\n\t\t\t\t\t\t<div class=\"elementor-container elementor-column-gap-default\">\n\t\t\t\t\t<div class=\"elementor-column elementor-col-100 elementor-top-column elementor-element elementor-element-830205b\" data-id=\"830205b\" data-element_type=\"column\">\n\t\t\t<div class=\"elementor-widget-wrap elementor-element-populated\">\n\t\t\t\t\t\t\t\t<div class=\"elementor-element elementor-element-52b00f7 elementor-widget elementor-widget-heading\" data-id=\"52b00f7\" data-element_type=\"widget\" data-widget_type=\"heading.default\">\n\t\t\t\t<div class=\"elementor-widget-container\">\n\t\t\t<style>\/*! elementor - v3.14.0 - 26-06-2023 *\/\n.elementor-heading-title{padding:0;margin:0;line-height:1}.elementor-widget-heading .elementor-heading-title[class*=elementor-size-]>a{color:inherit;font-size:inherit;line-height:inherit}.elementor-widget-heading .elementor-heading-title.elementor-size-small{font-size:15px}.elementor-widget-heading .elementor-heading-title.elementor-size-medium{font-size:19px}.elementor-widget-heading .elementor-heading-title.elementor-size-large{font-size:29px}.elementor-widget-heading .elementor-heading-title.elementor-size-xl{font-size:39px}.elementor-widget-heading .elementor-heading-title.elementor-size-xxl{font-size:59px}<\/style><h2 class=\"elementor-heading-title elementor-size-default\">TODOS NUESTROS CLIENTES SON LOS MEJORES<\/h2>\t\t<\/div>\n\t\t\t\t<\/div>\n\t\t\t\t<div class=\"elementor-element elementor-element-71e614b elementor-widget elementor-widget-text-editor\" data-id=\"71e614b\" data-element_type=\"widget\" data-widget_type=\"text-editor.default\">\n\t\t\t\t<div class=\"elementor-widget-container\">\n\t\t\t<style>\/*! elementor - v3.14.0 - 26-06-2023 *\/\n.elementor-widget-text-editor.elementor-drop-cap-view-stacked .elementor-drop-cap{background-color:#69727d;color:#fff}.elementor-widget-text-editor.elementor-drop-cap-view-framed .elementor-drop-cap{color:#69727d;border:3px solid;background-color:transparent}.elementor-widget-text-editor:not(.elementor-drop-cap-view-default) .elementor-drop-cap{margin-top:8px}.elementor-widget-text-editor:not(.elementor-drop-cap-view-default) .elementor-drop-cap-letter{width:1em;height:1em}.elementor-widget-text-editor .elementor-drop-cap{float:left;text-align:center;line-height:1;font-size:50px}.elementor-widget-text-editor .elementor-drop-cap-letter{display:inline-block}<\/style>\t\t\t\t<p class=\"wb-stl-custom-9\" style=\"text-align: center;\"><span style=\"color: #800000;\">\u201cTu cliente m\u00e1s insatisfecho es tu mejor fuente de aprendizaje\u201d.\u00a0Bill Gates,\u00a0Founder de Microsoft<\/span><\/p><p class=\"wb-stl-custom-9\" style=\"text-align: center;\"><span style=\"color: #800000;\">\u201cCuanto m\u00e1s se implique con su cliente, las cosas se vuelven m\u00e1s claras y m\u00e1s f\u00e1cil es determinar lo que deber\u00eda hacer\u201d.\u00a0John Russell,\u00a0Presidente de Harley Davidson<\/span><\/p><p class=\"wb-stl-custom-9\" style=\"text-align: center;\"><span style=\"color: #800000;\">\u00a0\u201cNosotros vemos a nuestros clientes como los invitados de una fiesta en la que nosotros somos los anfitriones. Nuestro trabajo es hacer que la experiencia del cliente sea un poco mejor cada d\u00eda\u201d.\u00a0Jeff Bezos, CEO de Amazon.<\/span><\/p>\t\t\t\t\t\t<\/div>\n\t\t\t\t<\/div>\n\t\t\t\t\t<\/div>\n\t\t<\/div>\n\t\t\t\t\t\t\t<\/div>\n\t\t<\/section>\n\t\t\t\t\t\t\t<\/div>\n\t\t","protected":false},"excerpt":{"rendered":"<p>TODOS NUESTROS CLIENTES SON LOS MEJORES \u201cTu cliente m\u00e1s insatisfecho es tu mejor fuente de aprendizaje\u201d.\u00a0Bill Gates,\u00a0Founder de Microsoft \u201cCuanto m\u00e1s se implique con su cliente, las cosas se vuelven m\u00e1s claras y m\u00e1s f\u00e1cil es determinar lo que deber\u00eda hacer\u201d.\u00a0John Russell,\u00a0Presidente de Harley Davidson \u00a0\u201cNosotros vemos a nuestros clientes como los invitados de una &hellip;<\/p>\n<p class=\"read-more\"> <a class=\"\" href=\"https:\/\/sdcmetalmecanica.com\/index.php\/clientes\/\"> <span class=\"screen-reader-text\">CLIENTES<\/span> Read More &raquo;<\/a><\/p>\n","protected":false},"author":1,"featured_media":0,"parent":0,"menu_order":0,"comment_status":"closed","ping_status":"closed","template":"","meta":{"site-sidebar-layout":"no-sidebar","site-content-layout":"page-builder","ast-global-header-display":"","ast-banner-title-visibility":"","ast-main-header-display":"","ast-hfb-above-header-display":"","ast-hfb-below-header-display":"","ast-hfb-mobile-header-display":"","site-post-title":"disabled","ast-breadcrumbs-content":"","ast-featured-img":"disabled","footer-sml-layout":"","theme-transparent-header-meta":"","adv-header-id-meta":"","stick-header-meta":"","header-above-stick-meta":"","header-main-stick-meta":"","header-below-stick-meta":"","footnotes":""},"class_list":["post-20","page","type-page","status-publish","hentry"],"_links":{"self":[{"href":"https:\/\/sdcmetalmecanica.com\/index.php\/wp-json\/wp\/v2\/pages\/20","targetHints":{"allow":["GET"]}}],"collection":[{"href":"https:\/\/sdcmetalmecanica.com\/index.php\/wp-json\/wp\/v2\/pages"}],"about":[{"href":"https:\/\/sdcmetalmecanica.com\/index.php\/wp-json\/wp\/v2\/types\/page"}],"author":[{"embeddable":true,"href":"https:\/\/sdcmetalmecanica.com\/index.php\/wp-json\/wp\/v2\/users\/1"}],"replies":[{"embeddable":true,"href":"https:\/\/sdcmetalmecanica.com\/index.php\/wp-json\/wp\/v2\/comments?post=20"}],"version-history":[{"count":10,"href":"https:\/\/sdcmetalmecanica.com\/index.php\/wp-json\/wp\/v2\/pages\/20\/revisions"}],"predecessor-version":[{"id":226,"href":"https:\/\/sdcmetalmecanica.com\/index.php\/wp-json\/wp\/v2\/pages\/20\/revisions\/226"}],"wp:attachment":[{"href":"https:\/\/sdcmetalmecanica.com\/index.php\/wp-json\/wp\/v2\/media?parent=20"}],"curies":[{"name":"wp","href":"https:\/\/api.w.org\/{rel}","templated":true}]}}